{"id":103723,"date":"2022-11-21T19:39:44","date_gmt":"2022-11-21T18:39:44","guid":{"rendered":"https:\/\/ekaterinadehde.com\/faq-ofte-stillede-spoergsmaal\/"},"modified":"2024-07-05T18:10:09","modified_gmt":"2024-07-05T16:10:09","slug":"faq-ofte-stillede-spoergsmaal","status":"publish","type":"page","link":"https:\/\/ekaterinadehde.com\/da\/faq-ofte-stillede-spoergsmaal\/","title":{"rendered":"FAQ &#8211; Ofte stillede sp\u00f8rgsm\u00e5l"},"content":{"rendered":"<p>[et_pb_section fb_built=&#8221;1&#8243; custom_padding_last_edited=&#8221;on|tablet&#8221; _builder_version=&#8221;4.19.2&#8243; _module_preset=&#8221;default&#8221; use_background_color_gradient=&#8221;on&#8221; background_color_gradient_stops=&#8221;gcid-34e14401-b567-46ec-87bd-abc4d9eda640 65%|gcid-6de323c5-dc5e-47d8-b926-86b8fe1362e9 100%&#8221; custom_padding=&#8221;80px||100px||false|false&#8221; custom_padding_tablet=&#8221;40px||10px||false|false&#8221; custom_padding_phone=&#8221;20px||||false|false&#8221; global_colors_info=&#8221;{%22gcid-34e14401-b567-46ec-87bd-abc4d9eda640%22:%91%22background_color_gradient_stops%22%93,%22gcid-7f071e97-35e3-4ff2-8bdc-c4268a6bdc6f%22:%91%22background_color_gradient_stops%22%93,%22gcid-6de323c5-dc5e-47d8-b926-86b8fe1362e9%22:%91%22background_color_gradient_stops%22%93}&#8221;][et_pb_row _builder_version=&#8221;4.19.1&#8243; _module_preset=&#8221;default&#8221; global_colors_info=&#8221;{}&#8221;][et_pb_column type=&#8221;4_4&#8243; _builder_version=&#8221;4.19.1&#8243; _module_preset=&#8221;default&#8221; global_colors_info=&#8221;{}&#8221;][et_pb_text _builder_version=&#8221;4.19.2&#8243; _module_preset=&#8221;default&#8221; header_font=&#8221;||||||||&#8221; header_text_align=&#8221;center&#8221; header_text_color=&#8221;gcid-18154899-d7eb-458e-8e5e-c60ad21fd3a9&#8243; header_font_size=&#8221;80px&#8221; header_line_height=&#8221;80px&#8221; custom_margin=&#8221;||40px||false|false&#8221; custom_margin_tablet=&#8221;||10px||false|false&#8221; custom_margin_phone=&#8221;||10px||false|false&#8221; custom_margin_last_edited=&#8221;on|tablet&#8221; header_font_size_tablet=&#8221;64px&#8221; header_font_size_phone=&#8221;40px&#8221; header_font_size_last_edited=&#8221;on|tablet&#8221; header_line_height_tablet=&#8221;68px&#8221; header_line_height_phone=&#8221;46px&#8221; header_line_height_last_edited=&#8221;on|tablet&#8221; global_colors_info=&#8221;{%22gcid-18154899-d7eb-458e-8e5e-c60ad21fd3a9%22:%91%22header_text_color%22%93}&#8221;]<\/p>\n<h1>Sp\u00f8rgsm\u00e5l og svar<\/h1>\n<p>[\/et_pb_text][et_pb_accordion open_toggle_text_color=&#8221;gcid-6d26e54b-9444-43d1-85ab-5dc11a54683c&#8221; closed_toggle_text_color=&#8221;gcid-6d26e54b-9444-43d1-85ab-5dc11a54683c&#8221; icon_color=&#8221;gcid-52819adf-d90c-4671-98b0-7dc594762fb5&#8243; use_icon_font_size=&#8221;on&#8221; icon_font_size=&#8221;26px&#8221; _builder_version=&#8221;4.20.0&#8243; _module_preset=&#8221;default&#8221; toggle_text_color=&#8221;gcid-6d26e54b-9444-43d1-85ab-5dc11a54683c&#8221; toggle_font_size=&#8221;26px&#8221; toggle_line_height=&#8221;34px&#8221; closed_toggle_font_size=&#8221;26px&#8221; closed_toggle_line_height=&#8221;34px&#8221; body_text_color=&#8221;gcid-6d26e54b-9444-43d1-85ab-5dc11a54683c&#8221; body_font_size=&#8221;16px&#8221; body_line_height=&#8221;32px&#8221; custom_padding=&#8221;||||false|false&#8221; hover_enabled=&#8221;0&#8243; toggle_font_size_tablet=&#8221;22px&#8221; toggle_font_size_phone=&#8221;20px&#8221; toggle_font_size_last_edited=&#8221;on|tablet&#8221; toggle_line_height_tablet=&#8221;30px&#8221; toggle_line_height_phone=&#8221;28px&#8221; toggle_line_height_last_edited=&#8221;on|tablet&#8221; closed_toggle_font_size_tablet=&#8221;22px&#8221; closed_toggle_font_size_phone=&#8221;20px&#8221; closed_toggle_font_size_last_edited=&#8221;on|tablet&#8221; closed_toggle_line_height_tablet=&#8221;30px&#8221; closed_toggle_line_height_phone=&#8221;28px&#8221; closed_toggle_line_height_last_edited=&#8221;on|tablet&#8221; body_font_size_tablet=&#8221;15px&#8221; body_font_size_phone=&#8221;14px&#8221; body_font_size_last_edited=&#8221;on|tablet&#8221; body_line_height_tablet=&#8221;28px&#8221; body_line_height_phone=&#8221;26px&#8221; body_line_height_last_edited=&#8221;on|phone&#8221; border_width_top=&#8221;0px&#8221; border_width_right=&#8221;0px&#8221; border_width_left=&#8221;0px&#8221; global_colors_info=&#8221;{%22gcid-52819adf-d90c-4671-98b0-7dc594762fb5%22:%91%22icon_color%22%93,%22gcid-6d26e54b-9444-43d1-85ab-5dc11a54683c%22:%91%22open_toggle_text_color%22,%22toggle_text_color%22,%22closed_toggle_text_color%22,%22body_text_color%22%93}&#8221; sticky_enabled=&#8221;0&#8243;][et_pb_accordion_item title=&#8221;  Hvorn\u00e5r er det bedste tidspunkt for en klassisk babybule-fotografering?  &#8221; open=&#8221;on&#8221; _builder_version=&#8221;4.20.0&#8243; _module_preset=&#8221;default&#8221; hover_enabled=&#8221;0&#8243; global_colors_info=&#8221;{}&#8221; sticky_enabled=&#8221;0&#8243;]<\/p>\n<p>Det rigtige tidspunkt afh\u00e6nger blandt andet af, hvor hurtigt eller langsomt din babybule vokser. Hvis du allerede har en meget udtalt mave i syvende m\u00e5ned, kan vi selvf\u00f8lgelig allerede tage smukke billeder.<br \/>En babybule-fotografering finder normalt sted mellem 30. og 34. graviditetsuge.<\/p>\n<p>[\/et_pb_accordion_item][et_pb_accordion_item title=&#8221;Hvorn\u00e5r er det bedste tidspunkt for en fotosession af en nyf\u00f8dt?&#8221; _builder_version=&#8221;4.20.0&#8243; _module_preset=&#8221;default&#8221; hover_enabled=&#8221;0&#8243; global_colors_info=&#8221;{}&#8221; open=&#8221;off&#8221; sticky_enabled=&#8221;0&#8243;]<\/p>\n<p>Jeg fotograferer nyf\u00f8dte mellem den 6. og 12. dag efter f\u00f8dslen.<br \/>Da jeg prim\u00e6rt fotograferer din baby sovende, er det vigtigt, at du besk\u00e6ftiger dig med din baby p\u00e5 forh\u00e5nd, s\u00e5 den sover under fotograferingen. Den kan godt lide at blive fodret f\u00f8r fotograferingen, s\u00e5 er den m\u00e6t og sover meget dybere.<\/p>\n<p>[\/et_pb_accordion_item][et_pb_accordion_item title=&#8221;Har du noget tilbeh\u00f8r eller rekvisitter?&#8221; _builder_version=&#8221;4.19.2&#8243; _module_preset=&#8221;default&#8221; global_colors_info=&#8221;{}&#8221; open=&#8221;off&#8221;]Ja, jeg har et udvalg af t\u00f8rkl\u00e6der, kjoler, h\u00e5rb\u00e5nd, hatte, baggrunde, kurve osv. Jeg tager et lille udvalg af disse med hjem til dig, hvis du har valgt en hjemmefotografering. I s\u00e5 fald dr\u00f8fter vi p\u00e5 forh\u00e5nd, hvad dine \u00f8nsker er, og hvilken farveskala fotograferingen skal v\u00e6re i. Alt mit tilbeh\u00f8r er tilg\u00e6ngeligt i studiet.[\/et_pb_accordion_item][et_pb_accordion_item title=&#8221;Hvad skal vi have med til nyf\u00f8dtfotograferingen, og hvad skal vi have p\u00e5 til vores baby?&#8221; _builder_version=&#8221;4.20.0&#8243; _module_preset=&#8221;default&#8221; global_colors_info=&#8221;{}&#8221; open=&#8221;off&#8221;]<\/p>\n<p>P\u00e5 dagen for fotograferingen m\u00e5 du kun give din baby l\u00f8stsiddende t\u00f8j p\u00e5, som hurtigt og nemt kan tages af.<br \/>Jeg beder dig om altid at have en sut med, ogs\u00e5 selv om barnet normalt ikke tager en. En sutteklud er god til at berolige, n\u00e5r man skifter stilling, og barnet er uroligt. Min erfaring er, at en fotosession uden en dummy vil v\u00e6re l\u00e6ngere og muligvis mere anstrengende. Fotograferingen skal v\u00e6re afslappet for baby og for\u00e6ldre.<\/p>\n<p>[\/et_pb_accordion_item][et_pb_accordion_item title=&#8221;Hvad hvis barnet er uroligt ved konsultationen?&#8221; _builder_version=&#8221;4.20.0&#8243; _module_preset=&#8221;default&#8221; global_colors_info=&#8221;{}&#8221; open=&#8221;off&#8221;]<\/p>\n<p>Nogle gange kan de sm\u00e5 slet ikke beroliges eller vil simpelthen ikke v\u00e6re med. Jeg har t\u00e5lmodighed og empati, s\u00e5 jeg fors\u00f8ger at gennemf\u00f8re optagelsen med tricks og dygtighed. En sut og moderm\u00e6lk\/babymad kan ogs\u00e5 hj\u00e6lpe i s\u00e5danne situationer.<\/p>\n<p>[\/et_pb_accordion_item][et_pb_accordion_item title=&#8221;Hvad skal for\u00e6ldrene have p\u00e5?&#8221; _builder_version=&#8221;4.20.0&#8243; _module_preset=&#8221;default&#8221; global_colors_info=&#8221;{}&#8221; open=&#8221;off&#8221;]<\/p>\n<p>Jeg har et par hvide og sorte T-shirts (st\u00f8rrelse M og L, XL) til r\u00e5dighed i studiet. Da mit t\u00f8j er lidt gennemsigtigt, skal du v\u00e6re opm\u00e6rksom p\u00e5 dit undert\u00f8j, gerne naturfarvet eller hvidt.<\/p>\n<p>[\/et_pb_accordion_item][et_pb_accordion_item title=&#8221;Vigtige tips til fotografering af nyf\u00f8dte:&#8221; _builder_version=&#8221;4.20.0&#8243; _module_preset=&#8221;default&#8221; hover_enabled=&#8221;0&#8243; global_colors_info=&#8221;{}&#8221; open=&#8221;off&#8221; sticky_enabled=&#8221;0&#8243;]<\/p>\n<p>Tag dig god tid p\u00e5 denne dag. Bem\u00e6rk, at de sm\u00e5 ofte drikker mere end normalt p\u00e5 optagelsesdage. Det er ikke noget us\u00e6dvanligt.<\/p>\n<p>Derudover er der altid nok nussepauser og mulighed for bleskift og amning\/flaskefodring.<\/p>\n<p>[\/et_pb_accordion_item][et_pb_accordion_item title=&#8221;M\u00e5 vi tage billeder med vores mobiltelefoner?&#8221; _builder_version=&#8221;4.20.0&#8243; _module_preset=&#8221;default&#8221; global_colors_info=&#8221;{}&#8221; open=&#8221;off&#8221;]<\/p>\n<p>Fotografering er mit kald, og mange ideer er blevet indarbejdet i designet af min<br \/>og i forberedelserne, og jeg har ogs\u00e5 brugt meget tid alene.<br \/>Derfor er fotografering ikke tilladt. Tak for din forst\u00e5else.<\/p>\n<p>[\/et_pb_accordion_item][et_pb_accordion_item title=&#8221;Sikkerhedskopiering af billeder\/data&#8221; _builder_version=&#8221;4.20.0&#8243; _module_preset=&#8221;default&#8221; global_colors_info=&#8221;{}&#8221; open=&#8221;off&#8221;]<\/p>\n<p>Tag backup af dine billeder flere gange p\u00e5 forskellige steder! Helst p\u00e5 den b\u00e6rbare computer og ogs\u00e5 p\u00e5 en ekstern lagerenhed som f.eks. en USB-n\u00f8gle eller et hukommelseskort. P\u00e5 grund af den store m\u00e6ngde data er jeg desv\u00e6rre ikke i stand til at arkivere alle skyderier.<\/p>\n<p>[\/et_pb_accordion_item][et_pb_accordion_item title=&#8221;Hvorn\u00e5r er billederne klar?  &#8221; _builder_version=&#8221;4.20.0&#8243; _module_preset=&#8221;default&#8221; global_colors_info=&#8221;{}&#8221; open=&#8221;off&#8221;]<\/p>\n<p>Jeg elsker at se p\u00e5, sortere og redigere billederne s\u00e5 hurtigt som muligt, som regel samme dag. Det er hurtigt for mig.<span class=\"Apple-converted-space\"> <\/span><\/p>\n<p>[\/et_pb_accordion_item][\/et_pb_accordion][\/et_pb_column][\/et_pb_row][et_pb_row _builder_version=&#8221;4.20.0&#8243; _module_preset=&#8221;default&#8221; global_colors_info=&#8221;{}&#8221;][et_pb_column type=&#8221;4_4&#8243; _builder_version=&#8221;4.20.0&#8243; _module_preset=&#8221;default&#8221; global_colors_info=&#8221;{}&#8221;][et_pb_text _builder_version=&#8221;4.20.0&#8243; _module_preset=&#8221;default&#8221; text_font_size=&#8221;16px&#8221; global_colors_info=&#8221;{}&#8221;]<\/p>\n<h2>Blev dit sp\u00f8rgsm\u00e5l ikke taget med?<\/h2>\n<p>Hvis du har yderligere sp\u00f8rgsm\u00e5l, er du velkommen til at kontakte mig via telefon eller e-mail. Jeg ser frem til alle forslag og takker p\u00e5 forh\u00e5nd for din feedback!<\/p>\n<p><strong>Mange tak, Ekaterina.<\/strong>[\/et_pb_text][\/et_pb_column][\/et_pb_row][\/et_pb_section]<\/p>\n","protected":false},"excerpt":{"rendered":"<p>Sp\u00f8rgsm\u00e5l og svarDet rigtige tidspunkt afh\u00e6nger blandt andet af, hvor hurtigt eller langsomt din babybule vokser. Hvis du allerede har en meget udtalt mave i syvende m\u00e5ned, kan vi selvf\u00f8lgelig allerede tage smukke billeder.En babybule-fotografering finder normalt sted mellem 30. og 34. graviditetsuge.Jeg fotograferer nyf\u00f8dte mellem den 6. og 12. dag efter f\u00f8dslen.Da jeg prim\u00e6rt [&hellip;]<\/p>\n","protected":false},"author":1,"featured_media":0,"parent":0,"menu_order":0,"comment_status":"closed","ping_status":"closed","template":"","meta":{"_et_pb_use_builder":"on","_et_pb_old_content":"","_et_gb_content_width":"","footnotes":""},"class_list":["post-103723","page","type-page","status-publish","hentry"],"_links":{"self":[{"href":"https:\/\/ekaterinadehde.com\/da\/wp-json\/wp\/v2\/pages\/103723","targetHints":{"allow":["GET"]}}],"collection":[{"href":"https:\/\/ekaterinadehde.com\/da\/wp-json\/wp\/v2\/pages"}],"about":[{"href":"https:\/\/ekaterinadehde.com\/da\/wp-json\/wp\/v2\/types\/page"}],"author":[{"embeddable":true,"href":"https:\/\/ekaterinadehde.com\/da\/wp-json\/wp\/v2\/users\/1"}],"replies":[{"embeddable":true,"href":"https:\/\/ekaterinadehde.com\/da\/wp-json\/wp\/v2\/comments?post=103723"}],"version-history":[{"count":3,"href":"https:\/\/ekaterinadehde.com\/da\/wp-json\/wp\/v2\/pages\/103723\/revisions"}],"predecessor-version":[{"id":103726,"href":"https:\/\/ekaterinadehde.com\/da\/wp-json\/wp\/v2\/pages\/103723\/revisions\/103726"}],"wp:attachment":[{"href":"https:\/\/ekaterinadehde.com\/da\/wp-json\/wp\/v2\/media?parent=103723"}],"curies":[{"name":"wp","href":"https:\/\/api.w.org\/{rel}","templated":true}]}}