{"id":103755,"date":"2022-11-08T13:57:14","date_gmt":"2022-11-08T12:57:14","guid":{"rendered":"https:\/\/ekaterinadehde.com\/paatryk\/"},"modified":"2025-06-02T06:51:01","modified_gmt":"2025-06-02T04:51:01","slug":"paatryk","status":"publish","type":"page","link":"https:\/\/ekaterinadehde.com\/da\/paatryk\/","title":{"rendered":"P\u00e5tryk"},"content":{"rendered":"<p>[et_pb_section fb_built=&#8221;1&#8243; custom_padding_last_edited=&#8221;on|tablet&#8221; _builder_version=&#8221;4.19.2&#8243; _module_preset=&#8221;default&#8221; use_background_color_gradient=&#8221;on&#8221; background_color_gradient_stops=&#8221;gcid-34e14401-b567-46ec-87bd-abc4d9eda640 65%|gcid-6de323c5-dc5e-47d8-b926-86b8fe1362e9 100%&#8221; custom_padding=&#8221;80px||80px||false|false&#8221; custom_padding_tablet=&#8221;40px||10px||false|false&#8221; custom_padding_phone=&#8221;20px||0px||false|false&#8221; global_colors_info=&#8221;{%22gcid-34e14401-b567-46ec-87bd-abc4d9eda640%22:%91%22background_color_gradient_stops%22%93,%22gcid-7f071e97-35e3-4ff2-8bdc-c4268a6bdc6f%22:%91%22background_color_gradient_stops%22%93,%22gcid-6de323c5-dc5e-47d8-b926-86b8fe1362e9%22:%91%22background_color_gradient_stops%22%93}&#8221;][et_pb_row disabled_on=&#8221;off|off|off&#8221; _builder_version=&#8221;4.20.0&#8243; _module_preset=&#8221;default&#8221; global_colors_info=&#8221;{}&#8221;][et_pb_column type=&#8221;4_4&#8243; _builder_version=&#8221;4.19.0&#8243; _module_preset=&#8221;default&#8221; global_colors_info=&#8221;{}&#8221;][et_pb_text _builder_version=&#8221;4.19.1&#8243; _module_preset=&#8221;default&#8221; header_font=&#8221;||||||||&#8221; header_text_color=&#8221;gcid-18154899-d7eb-458e-8e5e-c60ad21fd3a9&#8243; header_font_size=&#8221;80px&#8221; header_line_height=&#8221;80px&#8221; custom_margin=&#8221;||40px||false|false&#8221; custom_margin_tablet=&#8221;||20px||false|false&#8221; custom_margin_phone=&#8221;||15px||false|false&#8221; custom_margin_last_edited=&#8221;on|tablet&#8221; header_font_size_tablet=&#8221;64px&#8221; header_font_size_phone=&#8221;40px&#8221; header_font_size_last_edited=&#8221;on|tablet&#8221; header_line_height_tablet=&#8221;68px&#8221; header_line_height_phone=&#8221;46px&#8221; header_line_height_last_edited=&#8221;on|tablet&#8221; global_colors_info=&#8221;{%22gcid-18154899-d7eb-458e-8e5e-c60ad21fd3a9%22:%91%22header_text_color%22%93}&#8221;]<\/p>\n<h1>P\u00e5tryk<\/h1>\n<p>[\/et_pb_text][et_pb_text _builder_version=&#8221;4.19.2&#8243; _module_preset=&#8221;default&#8221; header_2_text_color=&#8221;gcid-18154899-d7eb-458e-8e5e-c60ad21fd3a9&#8243; header_2_font_size=&#8221;34px&#8221; header_2_line_height=&#8221;40px&#8221; custom_margin=&#8221;||0px||false|false&#8221; header_2_font_size_tablet=&#8221;28px&#8221; header_2_font_size_phone=&#8221;24px&#8221; header_2_font_size_last_edited=&#8221;on|tablet&#8221; header_2_line_height_tablet=&#8221;36px&#8221; header_2_line_height_phone=&#8221;32px&#8221; header_2_line_height_last_edited=&#8221;on|tablet&#8221; global_colors_info=&#8221;{%22gcid-18154899-d7eb-458e-8e5e-c60ad21fd3a9%22:%91%22header_2_text_color%22%93,%22gcid-9fe14a18-3fe0-4327-affb-1b6cb1a7ad6b%22:%91%22header_2_text_color%22%93}&#8221;]<\/p>\n<h2>Oplysninger i henhold til \u00a7 5 TMG<\/h2>\n<p>[\/et_pb_text][et_pb_text _builder_version=&#8221;4.20.0&#8243; _module_preset=&#8221;default&#8221; text_text_color=&#8221;gcid-6d26e54b-9444-43d1-85ab-5dc11a54683c&#8221; text_font_size=&#8221;16px&#8221; text_line_height=&#8221;32px&#8221; custom_margin=&#8221;||40px||false|false&#8221; custom_margin_tablet=&#8221;||30px||false|false&#8221; custom_margin_phone=&#8221;||24px||false|false&#8221; custom_margin_last_edited=&#8221;on|tablet&#8221; custom_padding=&#8221;||40px||false|false&#8221; custom_padding_tablet=&#8221;||30px||false|false&#8221; custom_padding_phone=&#8221;||20px||false|false&#8221; custom_padding_last_edited=&#8221;on|tablet&#8221; text_font_size_tablet=&#8221;15px&#8221; text_font_size_phone=&#8221;14px&#8221; text_font_size_last_edited=&#8221;on|phone&#8221; text_line_height_tablet=&#8221;28px&#8221; text_line_height_phone=&#8221;26px&#8221; text_line_height_last_edited=&#8221;on|tablet&#8221; border_width_bottom=&#8221;1px&#8221; border_color_bottom=&#8221;rgba(51,51,51,0.13)&#8221; global_colors_info=&#8221;{%22gcid-6d26e54b-9444-43d1-85ab-5dc11a54683c%22:%91%22text_text_color%22%93}&#8221;]<\/p>\n<p>Ekaterina Dehde<br \/>Ekaterina Dehde Photography<br \/>Fruerlunder Strasse 63<br \/>24939 Flensburg<\/p>\n<p>[\/et_pb_text][et_pb_text _builder_version=&#8221;4.19.2&#8243; _module_preset=&#8221;default&#8221; header_2_text_color=&#8221;gcid-18154899-d7eb-458e-8e5e-c60ad21fd3a9&#8243; header_2_font_size=&#8221;34px&#8221; header_2_line_height=&#8221;40px&#8221; custom_margin=&#8221;||0px||false|false&#8221; header_2_font_size_tablet=&#8221;28px&#8221; header_2_font_size_phone=&#8221;24px&#8221; header_2_font_size_last_edited=&#8221;on|tablet&#8221; header_2_line_height_tablet=&#8221;36px&#8221; header_2_line_height_phone=&#8221;32px&#8221; header_2_line_height_last_edited=&#8221;on|tablet&#8221; global_colors_info=&#8221;{%22gcid-18154899-d7eb-458e-8e5e-c60ad21fd3a9%22:%91%22header_2_text_color%22%93,%22gcid-9fe14a18-3fe0-4327-affb-1b6cb1a7ad6b%22:%91%22header_2_text_color%22,%22header_2_text_color%22,%22header_2_text_color%22%93}&#8221;]<\/p>\n<h2>Kontakt os<\/h2>\n<p>[\/et_pb_text][et_pb_text _builder_version=&#8221;4.20.0&#8243; _module_preset=&#8221;default&#8221; text_text_color=&#8221;gcid-6d26e54b-9444-43d1-85ab-5dc11a54683c&#8221; text_font_size=&#8221;16px&#8221; text_line_height=&#8221;32px&#8221; custom_margin=&#8221;||40px||false|false&#8221; custom_margin_tablet=&#8221;||30px||false|false&#8221; custom_margin_phone=&#8221;||24px||false|false&#8221; custom_margin_last_edited=&#8221;on|tablet&#8221; custom_padding=&#8221;||40px||false|false&#8221; custom_padding_tablet=&#8221;||30px||false|false&#8221; custom_padding_phone=&#8221;||20px||false|false&#8221; custom_padding_last_edited=&#8221;on|tablet&#8221; text_font_size_tablet=&#8221;15px&#8221; text_font_size_phone=&#8221;14px&#8221; text_font_size_last_edited=&#8221;on|phone&#8221; text_line_height_tablet=&#8221;28px&#8221; text_line_height_phone=&#8221;26px&#8221; text_line_height_last_edited=&#8221;on|tablet&#8221; border_width_bottom=&#8221;1px&#8221; border_color_bottom=&#8221;rgba(51,51,51,0.13)&#8221; global_colors_info=&#8221;{%22gcid-6d26e54b-9444-43d1-85ab-5dc11a54683c%22:%91%22text_text_color%22%93}&#8221;]Telefon: <a href=\"tel:+002000020%20000%\">+49 176 55 65 26 49<\/a><br \/>\nE-mail: <a href=\"mailto:hey@ekaterinadehde.com\">hey@ekaterinadehde.com<\/a>[\/et_pb_text][et_pb_text _builder_version=&#8221;4.19.2&#8243; _module_preset=&#8221;default&#8221; header_2_text_color=&#8221;gcid-18154899-d7eb-458e-8e5e-c60ad21fd3a9&#8243; header_2_font_size=&#8221;34px&#8221; header_2_line_height=&#8221;40px&#8221; custom_margin=&#8221;||0px||false|false&#8221; header_2_font_size_tablet=&#8221;28px&#8221; header_2_font_size_phone=&#8221;24px&#8221; header_2_font_size_last_edited=&#8221;on|tablet&#8221; header_2_line_height_tablet=&#8221;36px&#8221; header_2_line_height_phone=&#8221;32px&#8221; header_2_line_height_last_edited=&#8221;on|tablet&#8221; global_colors_info=&#8221;{%22gcid-18154899-d7eb-458e-8e5e-c60ad21fd3a9%22:%91%22header_2_text_color%22%93,%22gcid-9fe14a18-3fe0-4327-affb-1b6cb1a7ad6b%22:%91%22header_2_text_color%22,%22header_2_text_color%22,%22header_2_text_color%22%93}&#8221;]<\/p>\n<h2>Salgsafgifts-ID<\/h2>\n<p>[\/et_pb_text][et_pb_text _builder_version=&#8221;4.27.4&#8243; _module_preset=&#8221;default&#8221; text_text_color=&#8221;gcid-6d26e54b-9444-43d1-85ab-5dc11a54683c&#8221; text_font_size=&#8221;16px&#8221; text_line_height=&#8221;32px&#8221; custom_margin=&#8221;||40px||false|false&#8221; custom_margin_tablet=&#8221;||30px||false|false&#8221; custom_margin_phone=&#8221;||24px||false|false&#8221; custom_margin_last_edited=&#8221;on|tablet&#8221; custom_padding=&#8221;||40px||false|false&#8221; custom_padding_tablet=&#8221;||30px||false|false&#8221; custom_padding_phone=&#8221;||20px||false|false&#8221; custom_padding_last_edited=&#8221;on|tablet&#8221; hover_enabled=&#8221;0&#8243; text_font_size_tablet=&#8221;15px&#8221; text_font_size_phone=&#8221;14px&#8221; text_font_size_last_edited=&#8221;on|phone&#8221; text_line_height_tablet=&#8221;28px&#8221; text_line_height_phone=&#8221;26px&#8221; text_line_height_last_edited=&#8221;on|tablet&#8221; border_width_bottom=&#8221;1px&#8221; border_color_bottom=&#8221;rgba(51,51,51,0.13)&#8221; global_colors_info=&#8221;{%22gcid-6d26e54b-9444-43d1-85ab-5dc11a54683c%22:%91%22text_text_color%22%93}&#8221; sticky_enabled=&#8221;0&#8243;]Momsidentifikationsnummer i henhold til \u00a7 27 a i momsloven: <strong>DE428797313<\/strong>[\/et_pb_text][et_pb_text _builder_version=&#8221;4.20.0&#8243; _module_preset=&#8221;default&#8221; header_2_text_color=&#8221;gcid-18154899-d7eb-458e-8e5e-c60ad21fd3a9&#8243; header_2_font_size=&#8221;34px&#8221; header_2_line_height=&#8221;40px&#8221; custom_margin=&#8221;||0px||false|false&#8221; header_2_font_size_tablet=&#8221;28px&#8221; header_2_font_size_phone=&#8221;24px&#8221; header_2_font_size_last_edited=&#8221;on|tablet&#8221; header_2_line_height_tablet=&#8221;36px&#8221; header_2_line_height_phone=&#8221;32px&#8221; header_2_line_height_last_edited=&#8221;on|tablet&#8221; global_colors_info=&#8221;{%22gcid-18154899-d7eb-458e-8e5e-c60ad21fd3a9%22:%91%22header_2_text_color%22%93,%22gcid-9fe14a18-3fe0-4327-affb-1b6cb1a7ad6b%22:%91%22header_2_text_color%22,%22header_2_text_color%22,%22header_2_text_color%22%93}&#8221;]<\/p>\n<h2>Redaktionelt ansvarlig<\/h2>\n<p>[\/et_pb_text][et_pb_text _builder_version=&#8221;4.20.0&#8243; _module_preset=&#8221;default&#8221; text_text_color=&#8221;gcid-6d26e54b-9444-43d1-85ab-5dc11a54683c&#8221; text_font_size=&#8221;16px&#8221; text_line_height=&#8221;32px&#8221; custom_margin=&#8221;||40px||false|false&#8221; custom_margin_tablet=&#8221;||30px||false|false&#8221; custom_margin_phone=&#8221;||24px||false|false&#8221; custom_margin_last_edited=&#8221;on|tablet&#8221; custom_padding=&#8221;||40px||false|false&#8221; custom_padding_tablet=&#8221;||30px||false|false&#8221; custom_padding_phone=&#8221;||20px||false|false&#8221; custom_padding_last_edited=&#8221;on|tablet&#8221; text_font_size_tablet=&#8221;15px&#8221; text_font_size_phone=&#8221;14px&#8221; text_font_size_last_edited=&#8221;on|phone&#8221; text_line_height_tablet=&#8221;28px&#8221; text_line_height_phone=&#8221;26px&#8221; text_line_height_last_edited=&#8221;on|tablet&#8221; border_width_bottom=&#8221;1px&#8221; border_color_bottom=&#8221;rgba(51,51,51,0.13)&#8221; global_colors_info=&#8221;{%22gcid-6d26e54b-9444-43d1-85ab-5dc11a54683c%22:%91%22text_text_color%22%93}&#8221;]<\/p>\n<p>Ekaterina Dehde<br \/>Fruerlunder Strasse 63<br \/>24943 Flensburg<\/p>\n<p>[\/et_pb_text][et_pb_text _builder_version=&#8221;4.19.2&#8243; _module_preset=&#8221;default&#8221; header_2_text_color=&#8221;gcid-18154899-d7eb-458e-8e5e-c60ad21fd3a9&#8243; header_2_font_size=&#8221;34px&#8221; header_2_line_height=&#8221;40px&#8221; custom_margin=&#8221;||0px||false|false&#8221; header_2_font_size_tablet=&#8221;28px&#8221; header_2_font_size_phone=&#8221;24px&#8221; header_2_font_size_last_edited=&#8221;on|tablet&#8221; header_2_line_height_tablet=&#8221;36px&#8221; header_2_line_height_phone=&#8221;32px&#8221; header_2_line_height_last_edited=&#8221;on|tablet&#8221; global_colors_info=&#8221;{%22gcid-18154899-d7eb-458e-8e5e-c60ad21fd3a9%22:%91%22header_2_text_color%22%93,%22gcid-9fe14a18-3fe0-4327-affb-1b6cb1a7ad6b%22:%91%22header_2_text_color%22,%22header_2_text_color%22,%22header_2_text_color%22%93}&#8221;]<\/p>\n<h2>EU-tvistbil\u00e6ggelse<\/h2>\n<p>[\/et_pb_text][et_pb_text _builder_version=&#8221;4.19.2&#8243; _module_preset=&#8221;default&#8221; text_text_color=&#8221;gcid-6d26e54b-9444-43d1-85ab-5dc11a54683c&#8221; text_font_size=&#8221;16px&#8221; text_line_height=&#8221;32px&#8221; custom_margin=&#8221;||40px||false|false&#8221; custom_margin_tablet=&#8221;||30px||false|false&#8221; custom_margin_phone=&#8221;||24px||false|false&#8221; custom_margin_last_edited=&#8221;on|tablet&#8221; custom_padding=&#8221;||40px||false|false&#8221; custom_padding_tablet=&#8221;||30px||false|false&#8221; custom_padding_phone=&#8221;||20px||false|false&#8221; custom_padding_last_edited=&#8221;on|tablet&#8221; text_font_size_tablet=&#8221;15px&#8221; text_font_size_phone=&#8221;14px&#8221; text_font_size_last_edited=&#8221;on|phone&#8221; text_line_height_tablet=&#8221;28px&#8221; text_line_height_phone=&#8221;26px&#8221; text_line_height_last_edited=&#8221;on|tablet&#8221; border_width_bottom=&#8221;1px&#8221; border_color_bottom=&#8221;rgba(51,51,51,0.13)&#8221; global_colors_info=&#8221;{%22gcid-6d26e54b-9444-43d1-85ab-5dc11a54683c%22:%91%22text_text_color%22%93}&#8221;]<\/p>\n<p>Europa-Kommissionen stiller en platform til r\u00e5dighed for onlinetvistbil\u00e6ggelse (OS): <a href=\"https:\/\/ec.europa.eu\/consumers\/odr\/\">https:\/\/ec.europa.eu\/consumers\/odr\/.<\/a><br \/>Du kan finde vores e-mailadresse i den juridiske meddelelse ovenfor.<\/p>\n<p>[\/et_pb_text][et_pb_text _builder_version=&#8221;4.19.2&#8243; _module_preset=&#8221;default&#8221; header_2_text_color=&#8221;gcid-18154899-d7eb-458e-8e5e-c60ad21fd3a9&#8243; header_2_font_size=&#8221;34px&#8221; header_2_line_height=&#8221;40px&#8221; custom_margin=&#8221;||0px||false|false&#8221; header_2_font_size_tablet=&#8221;28px&#8221; header_2_font_size_phone=&#8221;24px&#8221; header_2_font_size_last_edited=&#8221;on|tablet&#8221; header_2_line_height_tablet=&#8221;36px&#8221; header_2_line_height_phone=&#8221;32px&#8221; header_2_line_height_last_edited=&#8221;on|tablet&#8221; global_colors_info=&#8221;{%22gcid-18154899-d7eb-458e-8e5e-c60ad21fd3a9%22:%91%22header_2_text_color%22%93}&#8221;]<\/p>\n<h2>L\u00f8sning af forbrugertvister \/ universelt voldgiftscenter<\/h2>\n<p>[\/et_pb_text][et_pb_text _builder_version=&#8221;4.19.2&#8243; _module_preset=&#8221;default&#8221; text_text_color=&#8221;gcid-6d26e54b-9444-43d1-85ab-5dc11a54683c&#8221; text_font_size=&#8221;16px&#8221; text_line_height=&#8221;32px&#8221; custom_margin=&#8221;||||false|false&#8221; custom_padding=&#8221;||||false|false&#8221; text_font_size_tablet=&#8221;15px&#8221; text_font_size_phone=&#8221;14px&#8221; text_font_size_last_edited=&#8221;on|phone&#8221; text_line_height_tablet=&#8221;28px&#8221; text_line_height_phone=&#8221;26px&#8221; text_line_height_last_edited=&#8221;on|tablet&#8221; border_color_bottom=&#8221;rgba(51,51,51,0.13)&#8221; global_colors_info=&#8221;{%22gcid-6d26e54b-9444-43d1-85ab-5dc11a54683c%22:%91%22text_text_color%22%93}&#8221;]<\/p>\n<p>Vi er ikke villige eller forpligtede til at deltage i tvistbil\u00e6ggelsesprocedurer ved et forbrugervoldgiftsn\u00e6vn.<\/p>\n<p>[\/et_pb_text][\/et_pb_column][\/et_pb_row][\/et_pb_section]<\/p>\n","protected":false},"excerpt":{"rendered":"<p>P\u00e5trykOplysninger i henhold til \u00a7 5 TMGEkaterina DehdeEkaterina Dehde PhotographyFruerlunder Strasse 6324939 FlensburgKontakt osTelefon: +49 176 55 65 26 49 E-mail: hey@ekaterinadehde.comSalgsafgifts-IDMomsidentifikationsnummer i henhold til \u00a7 27 a i momsloven: DE428797313Redaktionelt ansvarligEkaterina DehdeFruerlunder Strasse 6324943 FlensburgEU-tvistbil\u00e6ggelseEuropa-Kommissionen stiller en platform til r\u00e5dighed for onlinetvistbil\u00e6ggelse (OS): https:\/\/ec.europa.eu\/consumers\/odr\/.Du kan finde vores e-mailadresse i den juridiske meddelelse ovenfor.L\u00f8sning af [&hellip;]<\/p>\n","protected":false},"author":3,"featured_media":0,"parent":0,"menu_order":0,"comment_status":"closed","ping_status":"closed","template":"","meta":{"_et_pb_use_builder":"on","_et_pb_old_content":"","_et_gb_content_width":"","footnotes":""},"class_list":["post-103755","page","type-page","status-publish","hentry"],"_links":{"self":[{"href":"https:\/\/ekaterinadehde.com\/da\/wp-json\/wp\/v2\/pages\/103755","targetHints":{"allow":["GET"]}}],"collection":[{"href":"https:\/\/ekaterinadehde.com\/da\/wp-json\/wp\/v2\/pages"}],"about":[{"href":"https:\/\/ekaterinadehde.com\/da\/wp-json\/wp\/v2\/types\/page"}],"author":[{"embeddable":true,"href":"https:\/\/ekaterinadehde.com\/da\/wp-json\/wp\/v2\/users\/3"}],"replies":[{"embeddable":true,"href":"https:\/\/ekaterinadehde.com\/da\/wp-json\/wp\/v2\/comments?post=103755"}],"version-history":[{"count":5,"href":"https:\/\/ekaterinadehde.com\/da\/wp-json\/wp\/v2\/pages\/103755\/revisions"}],"predecessor-version":[{"id":104036,"href":"https:\/\/ekaterinadehde.com\/da\/wp-json\/wp\/v2\/pages\/103755\/revisions\/104036"}],"wp:attachment":[{"href":"https:\/\/ekaterinadehde.com\/da\/wp-json\/wp\/v2\/media?parent=103755"}],"curies":[{"name":"wp","href":"https:\/\/api.w.org\/{rel}","templated":true}]}}